{"id":109,"date":"2019-04-15T15:26:31","date_gmt":"2019-04-15T15:26:31","guid":{"rendered":"https:\/\/etengenharia.com.br\/?page_id=109"},"modified":"2024-02-03T17:58:57","modified_gmt":"2024-02-03T21:58:57","slug":"et-engenharia","status":"publish","type":"page","link":"https:\/\/etengenharia.com.br\/","title":{"rendered":"ET Engenharia"},"content":{"rendered":"","protected":false},"excerpt":{"rendered":"","protected":false},"author":1,"featured_media":0,"parent":0,"menu_order":0,"comment_status":"closed","ping_status":"closed","template":"","meta":[],"yoast_head":"<!-- This site is optimized with the Yoast SEO plugin v15.6.2 - https:\/\/yoast.com\/wordpress\/plugins\/seo\/ -->\n<title>Empresa de gest\u00e3o industrial e treinamentos NR | ET Engenharia MT<\/title>\n<meta name=\"description\" content=\"Gest\u00e3o p\/ ind\u00fastria: 5S,5W2H,PMOC, Treinamento NR23 Prote\u00e7\u00e3o C\/ Inc\u00eandios, NR13 Caldeiras,Vasos de press\u00e3o,NR35 Treinamento em altura e mais\" \/>\n<meta name=\"robots\" content=\"index, follow, max-snippet:-1, max-image-preview:large, max-video-preview:-1\" \/>\n<link rel=\"canonical\" href=\"https:\/\/etengenharia.com.br\/\" \/>\n<meta property=\"og:locale\" content=\"pt_BR\" \/>\n<meta property=\"og:type\" content=\"article\" \/>\n<meta property=\"og:title\" content=\"Empresa de gest\u00e3o industrial e treinamentos NR | ET Engenharia MT\" \/>\n<meta property=\"og:description\" content=\"Gest\u00e3o p\/ ind\u00fastria: 5S,5W2H,PMOC, Treinamento NR23 Prote\u00e7\u00e3o C\/ Inc\u00eandios, NR13 Caldeiras,Vasos de press\u00e3o,NR35 Treinamento em altura e mais\" \/>\n<meta property=\"og:url\" content=\"https:\/\/etengenharia.com.br\/\" \/>\n<meta property=\"og:site_name\" content=\"ET Engenharia\" \/>\n<meta property=\"article:modified_time\" content=\"2024-02-03T21:58:57+00:00\" \/>\n<meta name=\"twitter:card\" content=\"summary_large_image\" \/>\n<script type=\"application\/ld+json\" class=\"yoast-schema-graph\">{\"@context\":\"https:\/\/schema.org\",\"@graph\":[{\"@type\":\"WebSite\",\"@id\":\"https:\/\/etengenharia.com.br\/#website\",\"url\":\"https:\/\/etengenharia.com.br\/\",\"name\":\"ET Engenharia\",\"description\":\"Servi\\u00e7os de engenharia mec\\u00e2nica - gerenciamento e gest\\u00e3o de projetos - treinamentos nr - inspe\\u00e7\\u00f5es\",\"potentialAction\":[{\"@type\":\"SearchAction\",\"target\":\"https:\/\/etengenharia.com.br\/?s={search_term_string}\",\"query-input\":\"required name=search_term_string\"}],\"inLanguage\":\"pt-BR\"},{\"@type\":\"WebPage\",\"@id\":\"https:\/\/etengenharia.com.br\/#webpage\",\"url\":\"https:\/\/etengenharia.com.br\/\",\"name\":\"Empresa de gest\\u00e3o industrial e treinamentos NR | ET Engenharia MT\",\"isPartOf\":{\"@id\":\"https:\/\/etengenharia.com.br\/#website\"},\"datePublished\":\"2019-04-15T15:26:31+00:00\",\"dateModified\":\"2024-02-03T21:58:57+00:00\",\"description\":\"Gest\\u00e3o p\/ ind\\u00fastria: 5S,5W2H,PMOC, Treinamento NR23 Prote\\u00e7\\u00e3o C\/ Inc\\u00eandios, NR13 Caldeiras,Vasos de press\\u00e3o,NR35 Treinamento em altura e mais\",\"inLanguage\":\"pt-BR\",\"potentialAction\":[{\"@type\":\"ReadAction\",\"target\":[\"https:\/\/etengenharia.com.br\/\"]}]}]}<\/script>\n<!-- \/ Yoast SEO plugin. -->","_links":{"self":[{"href":"https:\/\/etengenharia.com.br\/index.php?rest_route=\/wp\/v2\/pages\/109"}],"collection":[{"href":"https:\/\/etengenharia.com.br\/index.php?rest_route=\/wp\/v2\/pages"}],"about":[{"href":"https:\/\/etengenharia.com.br\/index.php?rest_route=\/wp\/v2\/types\/page"}],"author":[{"embeddable":true,"href":"https:\/\/etengenharia.com.br\/index.php?rest_route=\/wp\/v2\/users\/1"}],"replies":[{"embeddable":true,"href":"https:\/\/etengenharia.com.br\/index.php?rest_route=%2Fwp%2Fv2%2Fcomments&post=109"}],"version-history":[{"count":1,"href":"https:\/\/etengenharia.com.br\/index.php?rest_route=\/wp\/v2\/pages\/109\/revisions"}],"predecessor-version":[{"id":111,"href":"https:\/\/etengenharia.com.br\/index.php?rest_route=\/wp\/v2\/pages\/109\/revisions\/111"}],"wp:attachment":[{"href":"https:\/\/etengenharia.com.br\/index.php?rest_route=%2Fwp%2Fv2%2Fmedia&parent=109"}],"curies":[{"name":"wp","href":"https:\/\/api.w.org\/{rel}","templated":true}]}}